{"id":98,"date":"2015-04-26T02:46:52","date_gmt":"2015-04-26T00:46:52","guid":{"rendered":"http:\/\/getraenke-armgart.de\/wordpress\/wordpress\/wordpress\/?page_id=98"},"modified":"2020-12-10T08:01:57","modified_gmt":"2020-12-10T07:01:57","slug":"impressum","status":"publish","type":"page","link":"https:\/\/www.getraenke-armgart.de\/index.php\/impressum\/","title":{"rendered":"Impressum"},"content":{"rendered":"<p>Diese Website wird von Getr\u00e4nkehandel Armgart e.K. (im weiteren Getr\u00e4nke Armgart genannt) betrieben.<\/p>\n<p><strong>Postanschrift:<\/strong><br \/>\nGetr\u00e4nkehandel Armgart e.K.<br \/>\nSophie Armgart<br \/>\nDriebe 9<br \/>\n38154 K\u00f6nigslutter<\/p>\n<p><strong>Telefon:<\/strong> 05353 \/ 2335<br \/>\n<strong>Fax:<\/strong> 05353 \/ 7878<br \/>\n<strong>E-Mail:<\/strong> <a href=\"mailto:info@getraenke-armgart.de\"><span class=\"auto-style9\">info@getraenke-armgart.de<\/span><\/a><\/p>\n<p><strong>Gesch\u00e4ftsf\u00fchrer: <\/strong>Sophie Armgart<strong><br \/>\nHandelsregister: <\/strong>Amtsgericht Braunschweig, HRA 200053, USt-IdNr.: DE 333446713<\/p>\n<p><strong>Rechtliche Hinweise:<br \/>\n<\/strong><br \/>\n<em>Inhalt des Onlineangebotes<\/em><br \/>\nGetr\u00e4nke Armgart \u00fcbernimmt keine Gew\u00e4hr f\u00fcr die Aktualit\u00e4t, Korrektheit, Vollst\u00e4ndigkeit oder Qualit\u00e4t der bereitgestellten Informationen. Haftungsanspr\u00fcche gegen den Autor, welche sich auf Schaden materieller oder ideeller Art beziehen, die durch die Nutzung oder Nichtnutzung der dargebotenen Informationen bzw. durch die Nutzung fehlerhafter und unvollst\u00e4ndiger Informationen verursacht wurden, sind grunds\u00e4tzlich ausgeschlossen, sofern seitens des Autors kein nachweislich vors\u00e4tzliches oder grob fahrl\u00e4ssiges Verschulden vorliegt. Alle Angebote sind freibleibend und unverbindlich. Der Autor beh\u00e4lt es sich ausdr\u00fccklich vor, Teile der Seiten oder das gesamte Angebot ohne gesonderte Ank\u00fcndigung zu ver\u00e4ndern, zu erg\u00e4nzen, zu l\u00f6schen oder die Ver\u00f6ffentlichung zeitweise oder endg\u00fcltig einzustellen.<\/p>\n<p><em>Datenschutz<\/em><br \/>\n<a href=\"https:\/\/www.getraenke-armgart.de\/index.php\/datenschutz\/\">siehe Datenschutz<\/a><\/p>\n<p><em>Verweise und Links<\/em><br \/>\nGetr\u00e4nke Armgart \u00fcbernimmt keine Gewahr f\u00fcr die Richtigkeit der auf dieser Internetpr\u00e4senz angegebenen Verweise und Links. Getr\u00e4nke Armgart \u00fcbernimmt auch keine Gew\u00e4hr f\u00fcr die Rechtm\u00e4\u00dfigkeit der Inhalte dieser Server. Dies gilt auch f\u00fcr weiterf\u00fchrende Verweise und Links dieser Server auf weitere Server. Bei direkten oder indirekten Verweisen auf fremde Webseiten (&#8218;Hyperlinks&#8220;), die au\u00dferhalb des Verantwortungsbereiches von Getr\u00e4nke Armgart liegen, w\u00fcrde eine Haftungsverpflichtung ausschlie\u00dflich in dem Fall in Kraft treten, in dem Getr\u00e4nke Armgart von den Inhalten Kenntnis hat und es technisch m\u00f6glich und zumutbar w\u00e4re, die Nutzung im Falle rechtswidriger Inhalte zu verhindern. Getr\u00e4nke Armgart erkl\u00e4rt hiermit ausdr\u00fccklich, dass zum Zeitpunkt der Linksetzung keine illegalen Inhalte auf den zu verlinkenden Seiten erkennbar waren. Auf die aktuelle und zuk\u00fcnftige Gestaltung, die Inhalte oder die Urheberschaft der gelinkten oder verkn\u00fcpften Seiten hat Getr\u00e4nke Armgart keinerlei Einfluss. Deshalb distanziert Getr\u00e4nke Armgart sich hiermit ausdr\u00fccklich von allen Inhalten aller gelinkten oder verkn\u00fcpften Selten, die nach der Linksetzung ver\u00e4ndert wurden. Diese Feststellung gilt f\u00fcr alle innerhalb des eigenen Internetangebotes gesetzten Links und Verweise sowie f\u00fcr Fremdeintrage in vom Autor eingerichteten G\u00e4steb\u00fcchern, Diskussionsforen und Mailinglisten. F\u00fcr illegale, fehlerhafte oder unvollst\u00e4ndige Inhalte und insbesondere f\u00fcr Schaden, die aus der Nutzung oder Nichtnutzung solcherart dargebotener Informationen entstehen, haftet allein der Anbieter der Seite, auf welche verwiesen wurde, nicht derjenige, der \u00fcber Links auf die jeweilige Ver\u00f6ffentlichung lediglich verweist.<\/p>\n<p><em>Urheber- und Kennzeichenrecht<\/em><br \/>\nGetr\u00e4nke Armgart ist bestrebt, in allen Publikationen die Urheberrechte der verwendeten Grafiken, Tondokumente, Videosequenzen und Texte zu beachten, von ihm selbst erstellte Grafiken, Tondokumente, Videosequenzen und Texte zu nutzen oder auf lizenzfreie Grafiken, Tondokumente, Videosequenzen und Texte zur\u00fcckzugreifen. Alle innerhalb des Internetangebotes genannten und ggf. durch Dritte gesch\u00fctzten Marken- und Warenzeichen unterliegen uneingeschr\u00e4nkt den Bestimmungen des jeweils g\u00fcltigen Kennzeichenrechts und den Besitzrechten der jeweiligen eingetragenen Eigent\u00fcmer. Allein aufgrund der blo\u00dfen Nennung ist nicht der Schluss zu ziehen, dass Markenzeichen nicht durch Rechte Dritter gesch\u00fctzt sind! Das Copyright f\u00fcr ver\u00f6ffentliche, von Getr\u00e4nke Armgart selbst erstellte Objekte, bleibt allein beim Autor der Seiten. Eine Vervielf\u00e4ltigung oder Verwendung solcher Grafiken, Tondokumente, Videosequenzen und Texte in anderen elektronischen oder gedruckten Publikationen ist ohne ausdr\u00fcckliche Zustimmung des Autors nicht gestattet.<\/p>\n<p><em>Andere Rechte<\/em><br \/>\nDie Rechte an Firmenlogos liegen bei den jeweils dort genannten Eigent\u00fcmern. Alle erw\u00e4hnten Namen und Warenzeichen sind Eigentum ihrer jeweiligen Inhaber. \u00c4nderungen vorbehalten. Bilder sind teilweise von Fotolia.com<\/p>\n<p><em>Rechtswirksamkeit dieses Haftungsausschlusses<\/em><br \/>\nDieser Haftungsausschluss ist als Teil des Internetangebotes zu betrachten, von dem aus auf diese Seite verwiesen wurde. Sofern Teile oder einzelne Formulierungen dieses Textes der geltenden Rechtslage nicht, nicht mehr oder nicht vollst\u00e4ndig entsprechen sollten, bleiben die \u00fcbrigen Teile des Dokumentes in ihrem Inhalt und ihrer G\u00fcltigkeit davon unber\u00fchrt.<\/p>\n<h3>Beschwerdeverfahren<\/h3>\n<p>[gzd_complaints]<\/p>\n","protected":false},"excerpt":{"rendered":"<p>Diese Website wird von Getr\u00e4nkehandel Armgart e.K. (im weiteren Getr\u00e4nke Armgart genannt) betrieben. Postanschrift: Getr\u00e4nkehandel Armgart e.K. Sophie Armgart Driebe 9 38154 K\u00f6nigslutter Telefon: 05353 \/ 2335 Fax: 05353 \/ 7878 E-Mail: info@getraenke-armgart.de Gesch\u00e4ftsf\u00fchrer: Sophie Armgart Handelsregister: Amtsgericht Braunschweig, HRA 200053, USt-IdNr.: DE 333446713 Rechtliche Hinweise: Inhalt des Onlineangebotes Getr\u00e4nke Armgart \u00fcbernimmt keine Gew\u00e4hr f\u00fcr [&hellip;]<\/p>\n","protected":false},"author":1,"featured_media":0,"parent":0,"menu_order":0,"comment_status":"closed","ping_status":"open","template":"","meta":{"footnotes":""},"class_list":["post-98","page","type-page","status-publish","czr-hentry"],"_links":{"self":[{"href":"https:\/\/www.getraenke-armgart.de\/index.php\/wp-json\/wp\/v2\/pages\/98","targetHints":{"allow":["GET"]}}],"collection":[{"href":"https:\/\/www.getraenke-armgart.de\/index.php\/wp-json\/wp\/v2\/pages"}],"about":[{"href":"https:\/\/www.getraenke-armgart.de\/index.php\/wp-json\/wp\/v2\/types\/page"}],"author":[{"embeddable":true,"href":"https:\/\/www.getraenke-armgart.de\/index.php\/wp-json\/wp\/v2\/users\/1"}],"replies":[{"embeddable":true,"href":"https:\/\/www.getraenke-armgart.de\/index.php\/wp-json\/wp\/v2\/comments?post=98"}],"version-history":[{"count":6,"href":"https:\/\/www.getraenke-armgart.de\/index.php\/wp-json\/wp\/v2\/pages\/98\/revisions"}],"predecessor-version":[{"id":993,"href":"https:\/\/www.getraenke-armgart.de\/index.php\/wp-json\/wp\/v2\/pages\/98\/revisions\/993"}],"wp:attachment":[{"href":"https:\/\/www.getraenke-armgart.de\/index.php\/wp-json\/wp\/v2\/media?parent=98"}],"curies":[{"name":"wp","href":"https:\/\/api.w.org\/{rel}","templated":true}]}}