{"id":418,"date":"2015-09-18T17:02:41","date_gmt":"2015-09-18T15:02:41","guid":{"rendered":"http:\/\/getraenke-armgart.de\/wordpress\/wordpress\/?page_id=418"},"modified":"2018-05-11T02:09:15","modified_gmt":"2018-05-11T00:09:15","slug":"getraenkehandel","status":"publish","type":"page","link":"https:\/\/www.getraenke-armgart.de\/index.php\/getraenkehandel\/","title":{"rendered":"Getr\u00e4nkehandel"},"content":{"rendered":"<h2><span class=\"auto-style6\">&#8230;bei uns gibt&#8217;s mehr als nur Saft und Wein<\/span><\/h2>\n<p><a href=\"http:\/\/getraenke-armgart.de\/wp-content\/uploads\/Getraenkewagen.jpg\"><img loading=\"lazy\" decoding=\"async\" class=\" wp-image-270 alignleft\" src=\"http:\/\/getraenke-armgart.de\/wp-content\/uploads\/Getraenkewagen.jpg\" alt=\"Getr\u00e4nkewagen\" width=\"430\" height=\"229\" \/><\/a><\/p>\n<p>Neben der Herstellung und dem Vertrieb unserer eigenen Produkte, f\u00fchren wir einen Getr\u00e4nkehandel mit vielen verschiedenen Softdrink-, Bier- und Wassermarken. Sie k\u00f6nnen bei uns die Getr\u00e4nke in verschiedenen Gebinden wie Flaschen, Kisten oder F\u00e4sser bestellen bzw. direkt mitnehmen.<\/p>\n<p>Auch einen Getr\u00e4nkelieferservice bieten wir Ihnen in K\u00f6nigslutter und der angrenzenden Umgebebung an.<\/p>\n<p>Wir unterst\u00fctzen Sie auch gerne bei einer Veranstaltung\/Feier mit Zapfanlagen, Tresen, Gl\u00e4ser oder einem Getr\u00e4nkewagen.<\/p>\n<p>Auf <a href=\"http:\/\/getraenke-armgart.de\/index.php\/kontakt\/#Kontaktformularr\">Anfrage<\/a> schicken wir Ihnen gerne eine Sortiments\u00fcbersicht und Preisliste.<\/p>\n","protected":false},"excerpt":{"rendered":"<p>&#8230;bei uns gibt&#8217;s mehr als nur Saft und Wein Neben der Herstellung und dem Vertrieb unserer eigenen Produkte, f\u00fchren wir einen Getr\u00e4nkehandel mit vielen verschiedenen Softdrink-, Bier- und Wassermarken. Sie k\u00f6nnen bei uns die Getr\u00e4nke in verschiedenen Gebinden wie Flaschen, Kisten oder F\u00e4sser bestellen bzw. direkt mitnehmen. Auch einen Getr\u00e4nkelieferservice bieten wir Ihnen in K\u00f6nigslutter [&hellip;]<\/p>\n","protected":false},"author":1,"featured_media":434,"parent":0,"menu_order":0,"comment_status":"closed","ping_status":"closed","template":"","meta":{"footnotes":""},"class_list":["post-418","page","type-page","status-publish","has-post-thumbnail","czr-hentry"],"_links":{"self":[{"href":"https:\/\/www.getraenke-armgart.de\/index.php\/wp-json\/wp\/v2\/pages\/418","targetHints":{"allow":["GET"]}}],"collection":[{"href":"https:\/\/www.getraenke-armgart.de\/index.php\/wp-json\/wp\/v2\/pages"}],"about":[{"href":"https:\/\/www.getraenke-armgart.de\/index.php\/wp-json\/wp\/v2\/types\/page"}],"author":[{"embeddable":true,"href":"https:\/\/www.getraenke-armgart.de\/index.php\/wp-json\/wp\/v2\/users\/1"}],"replies":[{"embeddable":true,"href":"https:\/\/www.getraenke-armgart.de\/index.php\/wp-json\/wp\/v2\/comments?post=418"}],"version-history":[{"count":15,"href":"https:\/\/www.getraenke-armgart.de\/index.php\/wp-json\/wp\/v2\/pages\/418\/revisions"}],"predecessor-version":[{"id":580,"href":"https:\/\/www.getraenke-armgart.de\/index.php\/wp-json\/wp\/v2\/pages\/418\/revisions\/580"}],"wp:featuredmedia":[{"embeddable":true,"href":"https:\/\/www.getraenke-armgart.de\/index.php\/wp-json\/wp\/v2\/media\/434"}],"wp:attachment":[{"href":"https:\/\/www.getraenke-armgart.de\/index.php\/wp-json\/wp\/v2\/media?parent=418"}],"curies":[{"name":"wp","href":"https:\/\/api.w.org\/{rel}","templated":true}]}}