{"id":103,"date":"2015-04-26T02:56:12","date_gmt":"2015-04-26T00:56:12","guid":{"rendered":"http:\/\/getraenke-armgart.de\/wordpress\/wordpress\/wordpress\/?page_id=103"},"modified":"2017-08-05T16:47:13","modified_gmt":"2017-08-05T14:47:13","slug":"kontakt","status":"publish","type":"page","link":"https:\/\/www.getraenke-armgart.de\/index.php\/kontakt\/","title":{"rendered":"Kontakt"},"content":{"rendered":"<p>Haben Sie Fragen, Anregungen oder W\u00fcnsche? Dann schreiben oder besuchen Sie uns. Sie k\u00f6nnen sich per E-Mail, Telefon, Fax oder mit dem unten stehen <a href=\"#Kontaktformularr\">Formular<\/a> an uns wenden. In unserem Verkaufsraum stehen wir Ihnen auch gerne pers\u00f6nlich zur Verf\u00fcgung.<\/p>\n<div>\n<table class=\"Kontakttab\">\n<tbody>\n<tr>\n<td><strong>Anschrift:<\/strong><\/td>\n<td>S\u00fc\u00dfmosterei und Getr\u00e4nkehandel Armgart e.K.<\/td>\n<\/tr>\n<tr>\n<td><\/td>\n<td>Heinrich Armgart<\/td>\n<\/tr>\n<tr>\n<td><\/td>\n<td>Driebe 9<\/td>\n<\/tr>\n<tr>\n<td><\/td>\n<td>38154 K\u00f6nigslutter<\/td>\n<\/tr>\n<tr>\n<td><\/td>\n<td><\/td>\n<\/tr>\n<tr>\n<td><strong>Telefon:<\/strong><\/td>\n<td>0 53 53 \/ 23 35<\/td>\n<\/tr>\n<tr>\n<td><strong>Fax:<\/strong><\/td>\n<td>0 53 53 \/ 78 78<\/td>\n<\/tr>\n<tr>\n<td><strong>E-Mail:<\/strong><\/td>\n<td><a href=\"mailto:info@getraenke-armgart.de\">info@getraenke-armgart.de<\/a><\/td>\n<\/tr>\n<tr>\n<\/tbody>\n<\/table>\n<\/div>\n<p><script type=\"text\/javascript\" src=\"http:\/\/maps.google.com\/maps\/api\/js?sensor=false\"><\/script><\/p>\n<div  style=\"overflow:hidden;height:300px;width:auto\">\n<div id=\"map_canvas\" style=\"height:300px;width:auto\"><\/div>\n<\/div>\n<p><script type=\"text\/javascript\">window.setTimeout(\"initGmaps();\",300);function initGmaps(){var myOptions = {zoom:16,center:new google.maps.LatLng(52.24757390000001, 10.820810299999948),mapTypeId: google.maps.MapTypeId.ROADMAP};map = new google.maps.Map(document.getElementById(\"map_canvas\"), myOptions);marker = new google.maps.Marker({map: map, position: new google.maps.LatLng(52.24757390000001, 10.820810299999948)});infowindow = new google.maps.InfoWindow({content: \"<b>Getr\u00e4nke Armgart<\/b><br \/>Driebe 9<br \/>K\u00f6nigslutter\"});google.maps.event.addListener(marker, \"click\", function(){infowindow.open(map,marker);});infowindow.open(map,marker);}\n<\/script><br \/>\n<a name=\"Kontaktformularr\">&nbsp;<\/a><\/p>\n<div align=\"center\">\n<h2>Kontaktformular<\/h2>\n<p><!--\n\n\n<form action=\"\" method=\"POST\">\n\n\n<table class=\"Kontakttab\" style=\"width: 255px;\">\n\n\n<tbody>\n\n\n<tr>\n\n\n<td style=\"width: 110px;\">Vorname:*<\/td>\n\n\n\n\n<td>Nachname:*<\/td>\n\n\n<\/tr>\n\n\n\n\n<tr>\n\n\n<td style=\"width: 20px; height: 45px; vertical-align: top;\"><span class=\"auto-style9\"><input class=\"Feld\" style=\"height: 25px; width: 95px;\" name=\"Vorname\" required=\"required\" size=\"70\" type=\"text\" \/><\/span><\/td>\n\n\n\n\n<td style=\"height: 45px; vertical-align: top;\"><span class=\"auto-style9\"><input class=\"Feld\" style=\"height: 25px; width: 135px;\" name=\"Nachname\" required=\"required\" size=\"70\" type=\"text\" \/><\/span><\/td>\n\n\n<\/tr>\n\n\n\n\n<tr>\n\n\n<td colspan=\"2\">E-Mail:*<\/td>\n\n\n<\/tr>\n\n\n\n\n<tr>\n\n\n<td style=\"height: 45px; vertical-align: top;\" colspan=\"2\"><span><input class=\"Feld\" style=\"height: 25px; width: 255px;\" name=\"Email\" required=\"required\" size=\"70\" type=\"text\" \/><\/span><\/td>\n\n\n<\/tr>\n\n\n\n\n<tr>\n\n\n<td style=\"height: 20px; vertical-align: top;\" colspan=\"2\">Nachricht:*<\/td>\n\n\n<\/tr>\n\n\n\n\n<tr>\n\n\n<td class=\"auto-style12\" colspan=\"2\"><span class=\"auto-style9\"><textarea class=\"Feld\" style=\"width: 255px; margin: 0;\" cols=\"20\" name=\"Nachricht\" required=\"required\" rows=\"10\"><\/textarea><\/span><\/td>\n\n\n<\/tr>\n\n\n\n\n<tr>\n\n\n<td colspan=\"2\">*Pflichtfeld<\/td>\n\n\n<\/tr>\n\n\n\n\n<tr>\n<\/tbody>\n\n\n<\/table>\n\n\n<input id=\"submitBtn\" type=\"submit\" value=\"Absenden\" name=\"KonForm\">\n<\/form>\n\n\n--><br \/>\n\n<div class=\"wpcf7 no-js\" id=\"wpcf7-f524-o1\" lang=\"de-DE\" dir=\"ltr\" data-wpcf7-id=\"524\">\n<div class=\"screen-reader-response\"><p role=\"status\" aria-live=\"polite\" aria-atomic=\"true\"><\/p> <ul><\/ul><\/div>\n<form action=\"\/index.php\/wp-json\/wp\/v2\/pages\/103#wpcf7-f524-o1\" method=\"post\" class=\"wpcf7-form init wpcf7-acceptance-as-validation\" aria-label=\"Kontaktformular\" novalidate=\"novalidate\" data-status=\"init\">\n<fieldset class=\"hidden-fields-container\"><input type=\"hidden\" name=\"_wpcf7\" value=\"524\" \/><input type=\"hidden\" name=\"_wpcf7_version\" value=\"6.1.5\" \/><input type=\"hidden\" name=\"_wpcf7_locale\" value=\"de_DE\" \/><input type=\"hidden\" name=\"_wpcf7_unit_tag\" value=\"wpcf7-f524-o1\" \/><input type=\"hidden\" name=\"_wpcf7_container_post\" value=\"0\" \/><input type=\"hidden\" name=\"_wpcf7_posted_data_hash\" value=\"\" \/>\n<\/fieldset>\n<p><label> Ihr Name<br \/>\n<span class=\"wpcf7-form-control-wrap\" data-name=\"your-name\"><input size=\"40\" maxlength=\"400\" class=\"wpcf7-form-control wpcf7-text wpcf7-validates-as-required\" aria-required=\"true\" aria-invalid=\"false\" value=\"\" type=\"text\" name=\"your-name\" \/><\/span> <\/label>\n<\/p>\n<p><label> Ihre E-Mail-Adresse<br \/>\n<span class=\"wpcf7-form-control-wrap\" data-name=\"your-email\"><input size=\"40\" maxlength=\"400\" class=\"wpcf7-form-control wpcf7-email wpcf7-validates-as-required wpcf7-text wpcf7-validates-as-email\" aria-required=\"true\" aria-invalid=\"false\" value=\"\" type=\"email\" name=\"your-email\" \/><\/span> <\/label>\n<\/p>\n<p><label> Ihre Nachricht<br \/>\n<span class=\"wpcf7-form-control-wrap\" data-name=\"your-message\"><textarea cols=\"40\" rows=\"10\" maxlength=\"2000\" class=\"wpcf7-form-control wpcf7-textarea wpcf7-validates-as-required\" aria-required=\"true\" aria-invalid=\"false\" name=\"your-message\"><\/textarea><\/span> <\/label>\n<\/p>\n<p><input class=\"wpcf7-form-control wpcf7-submit has-spinner\" type=\"submit\" value=\"Senden\" \/>\n<\/p><div class=\"wpcf7-response-output\" aria-hidden=\"true\"><\/div>\n<\/form>\n<\/div>\n\n<\/div>\n","protected":false},"excerpt":{"rendered":"<p>Haben Sie Fragen, Anregungen oder W\u00fcnsche? Dann schreiben oder besuchen Sie uns. Sie k\u00f6nnen sich per E-Mail, Telefon, Fax oder mit dem unten stehen Formular an uns wenden. In unserem Verkaufsraum stehen wir Ihnen auch gerne pers\u00f6nlich zur Verf\u00fcgung. Anschrift: S\u00fc\u00dfmosterei und Getr\u00e4nkehandel Armgart e.K. Heinrich Armgart Driebe 9 38154 K\u00f6nigslutter Telefon: 0 53 53 [&hellip;]<\/p>\n","protected":false},"author":1,"featured_media":0,"parent":0,"menu_order":0,"comment_status":"closed","ping_status":"open","template":"","meta":{"footnotes":""},"class_list":["post-103","page","type-page","status-publish","czr-hentry"],"_links":{"self":[{"href":"https:\/\/www.getraenke-armgart.de\/index.php\/wp-json\/wp\/v2\/pages\/103","targetHints":{"allow":["GET"]}}],"collection":[{"href":"https:\/\/www.getraenke-armgart.de\/index.php\/wp-json\/wp\/v2\/pages"}],"about":[{"href":"https:\/\/www.getraenke-armgart.de\/index.php\/wp-json\/wp\/v2\/types\/page"}],"author":[{"embeddable":true,"href":"https:\/\/www.getraenke-armgart.de\/index.php\/wp-json\/wp\/v2\/users\/1"}],"replies":[{"embeddable":true,"href":"https:\/\/www.getraenke-armgart.de\/index.php\/wp-json\/wp\/v2\/comments?post=103"}],"version-history":[{"count":2,"href":"https:\/\/www.getraenke-armgart.de\/index.php\/wp-json\/wp\/v2\/pages\/103\/revisions"}],"predecessor-version":[{"id":535,"href":"https:\/\/www.getraenke-armgart.de\/index.php\/wp-json\/wp\/v2\/pages\/103\/revisions\/535"}],"wp:attachment":[{"href":"https:\/\/www.getraenke-armgart.de\/index.php\/wp-json\/wp\/v2\/media?parent=103"}],"curies":[{"name":"wp","href":"https:\/\/api.w.org\/{rel}","templated":true}]}}